{"id":2232,"date":"2024-08-13T17:39:12","date_gmt":"2024-08-13T20:39:12","guid":{"rendered":"https:\/\/www.sabrasil.com.br\/?page_id=2232"},"modified":"2026-01-28T11:29:37","modified_gmt":"2026-01-28T14:29:37","slug":"servicos-2","status":"publish","type":"page","link":"https:\/\/www.sabrasil.com.br\/?page_id=2232","title":{"rendered":"Servi\u00e7os"},"content":{"rendered":"\t\t<div data-elementor-type=\"wp-page\" data-elementor-id=\"2232\" class=\"elementor elementor-2232\" data-elementor-settings=\"{&quot;ha_cmc_init_switcher&quot;:&quot;no&quot;}\" data-elementor-post-type=\"page\">\n\t\t\t\t<div class=\"elementor-element elementor-element-fabbf9d e-flex e-con-boxed wpr-particle-no wpr-jarallax-no wpr-parallax-no wpr-sticky-section-no e-con e-parent\" data-id=\"fabbf9d\" data-element_type=\"container\" data-e-type=\"container\" data-settings=\"{&quot;background_background&quot;:&quot;classic&quot;,&quot;_ha_eqh_enable&quot;:false}\">\n\t\t\t\t\t<div class=\"e-con-inner\">\n\t\t\t\t<div class=\"elementor-element elementor-element-9a5eab2 elementor-widget elementor-widget-heading\" data-id=\"9a5eab2\" data-element_type=\"widget\" data-e-type=\"widget\" data-widget_type=\"heading.default\">\n\t\t\t\t<div class=\"elementor-widget-container\">\n\t\t\t\t\t<h2 class=\"elementor-heading-title elementor-size-default\">Servi\u00e7os<\/h2>\t\t\t\t<\/div>\n\t\t\t\t<\/div>\n\t\t\t\t<div class=\"elementor-element elementor-element-49ed671 elementor-widget elementor-widget-text-editor\" data-id=\"49ed671\" data-element_type=\"widget\" data-e-type=\"widget\" data-widget_type=\"text-editor.default\">\n\t\t\t\t<div class=\"elementor-widget-container\">\n\t\t\t\t\t\t\t\t\t<p>Conhe\u00e7a aqui alguns servi\u00e7os prestados por nossa empresa<\/p>\t\t\t\t\t\t\t\t<\/div>\n\t\t\t\t<\/div>\n\t\t<div class=\"elementor-element elementor-element-0ef4fde e-con-full e-grid wpr-particle-no wpr-jarallax-no wpr-parallax-no wpr-sticky-section-no e-con e-child\" data-id=\"0ef4fde\" data-element_type=\"container\" data-e-type=\"container\" data-settings=\"{&quot;_ha_eqh_enable&quot;:false}\">\n\t\t\t\t<div class=\"elementor-element elementor-element-175a2cf animated-slow elementor-view-default elementor-position-block-start elementor-mobile-position-block-start elementor-invisible elementor-widget elementor-widget-icon-box\" data-id=\"175a2cf\" data-element_type=\"widget\" data-e-type=\"widget\" data-settings=\"{&quot;_animation&quot;:&quot;fadeIn&quot;}\" data-widget_type=\"icon-box.default\">\n\t\t\t\t<div class=\"elementor-widget-container\">\n\t\t\t\t\t\t\t<div class=\"elementor-icon-box-wrapper\">\n\n\t\t\t\t\t\t<div class=\"elementor-icon-box-icon\">\n\t\t\t\t<span  class=\"elementor-icon\">\n\t\t\t\t<i aria-hidden=\"true\" class=\"hm hm-cog\"><\/i>\t\t\t\t<\/span>\n\t\t\t<\/div>\n\t\t\t\n\t\t\t\t\t\t<div class=\"elementor-icon-box-content\">\n\n\t\t\t\t\t\t\t\t\t<h3 class=\"elementor-icon-box-title\">\n\t\t\t\t\t\t<span  >\n\t\t\t\t\t\t\tSuporte T\u00e9cnico | Manuten\u00e7\u00e3o\t\t\t\t\t\t<\/span>\n\t\t\t\t\t<\/h3>\n\t\t\t\t\n\t\t\t\t\t\t\t\t\t<p class=\"elementor-icon-box-description\">\n\t\t\t\t\t\tSeja para contribuir para a efici\u00eancia operacional, fortalecer a seguran\u00e7a cibern\u00e9tica ou melhorar a infraestrutura tecnol\u00f3gica, oferecemos uma variedade de solu\u00e7\u00f5es abrangentes para ajudar sua empresa a prosperar no mundo digital.\n\nManuten\u00e7\u00e3o Preventiva e Corretiva;\nInstala\u00e7\u00e3o e Configura\u00e7\u00e3o de Software;\nSolu\u00e7\u00f5es em Backups e Restaura\u00e7\u00f5es;\nLegaliza\u00e7\u00e3o de Softwares e Antiv\u00edrus;\nContrato de Manuten\u00e7\u00e3o Mensal e Servi\u00e7os Avulsos.\t\t\t\t\t<\/p>\n\t\t\t\t\n\t\t\t<\/div>\n\t\t\t\n\t\t<\/div>\n\t\t\t\t\t\t<\/div>\n\t\t\t\t<\/div>\n\t\t\t\t<div class=\"elementor-element elementor-element-e8db27e elementor-view-default elementor-position-block-start elementor-mobile-position-block-start elementor-invisible elementor-widget elementor-widget-icon-box\" data-id=\"e8db27e\" data-element_type=\"widget\" data-e-type=\"widget\" data-settings=\"{&quot;_animation&quot;:&quot;fadeIn&quot;}\" data-widget_type=\"icon-box.default\">\n\t\t\t\t<div class=\"elementor-widget-container\">\n\t\t\t\t\t\t\t<div class=\"elementor-icon-box-wrapper\">\n\n\t\t\t\t\t\t<div class=\"elementor-icon-box-icon\">\n\t\t\t\t<span  class=\"elementor-icon\">\n\t\t\t\t<i aria-hidden=\"true\" class=\"hm hm-server-network\"><\/i>\t\t\t\t<\/span>\n\t\t\t<\/div>\n\t\t\t\n\t\t\t\t\t\t<div class=\"elementor-icon-box-content\">\n\n\t\t\t\t\t\t\t\t\t<h3 class=\"elementor-icon-box-title\">\n\t\t\t\t\t\t<span  >\n\t\t\t\t\t\t\tRedes Locais, VPN, Seguran\u00e7a, Nuvem\t\t\t\t\t\t<\/span>\n\t\t\t\t\t<\/h3>\n\t\t\t\t\n\t\t\t\t\t\t\t\t\t<p class=\"elementor-icon-box-description\">\n\t\t\t\t\t\tOtimizar a capacidade de armazenamento, a velocidade ideal para o processamento de dados e a seguran\u00e7a das informa\u00e7\u00f5es s\u00e3o alguns dos pontos fundamentais para a manuten\u00e7\u00e3o regular de sua Rede. Aliado\u00a0 a cabeamento estruturado ou sem fio, criaremos a rede ideal para o seu neg\u00f3cio.\n\nOtimiza\u00e7\u00e3o de Desempenho;\nSeguran\u00e7a da Rede;\nAtualiza\u00e7\u00e3o de Software e Firmware;\nIdentifica\u00e7\u00e3o de Falhas;\nGarantia de Disponibilidade.\t\t\t\t\t<\/p>\n\t\t\t\t\n\t\t\t<\/div>\n\t\t\t\n\t\t<\/div>\n\t\t\t\t\t\t<\/div>\n\t\t\t\t<\/div>\n\t\t\t\t<div class=\"elementor-element elementor-element-95a690d elementor-view-default elementor-position-block-start elementor-mobile-position-block-start elementor-invisible elementor-widget elementor-widget-icon-box\" data-id=\"95a690d\" data-element_type=\"widget\" data-e-type=\"widget\" data-settings=\"{&quot;_animation&quot;:&quot;fadeIn&quot;}\" data-widget_type=\"icon-box.default\">\n\t\t\t\t<div class=\"elementor-widget-container\">\n\t\t\t\t\t\t\t<div class=\"elementor-icon-box-wrapper\">\n\n\t\t\t\t\t\t<div class=\"elementor-icon-box-icon\">\n\t\t\t\t<span  class=\"elementor-icon\">\n\t\t\t\t<i aria-hidden=\"true\" class=\"hm hm-server\"><\/i>\t\t\t\t<\/span>\n\t\t\t<\/div>\n\t\t\t\n\t\t\t\t\t\t<div class=\"elementor-icon-box-content\">\n\n\t\t\t\t\t\t\t\t\t<h3 class=\"elementor-icon-box-title\">\n\t\t\t\t\t\t<span  >\n\t\t\t\t\t\t\tManuten\u00e7\u00e3o de Servidores\t\t\t\t\t\t<\/span>\n\t\t\t\t\t<\/h3>\n\t\t\t\t\n\t\t\t\t\t\t\t\t\t<p class=\"elementor-icon-box-description\">\n\t\t\t\t\t\tIndicamos a manuten\u00e7\u00e3o preventiva em Servidores afim de garantir que os Sistemas e Redes permane\u00e7am operacionais, confi\u00e1veis e seguros. Para isso entre em contato conosco e agende uma visita e garanta:\n\nMelhoria no Desempenho;\nSeguran\u00e7a Refor\u00e7ada;\nDisponibilidade Aumentada;\nBackup e Recupera\u00e7\u00e3o Eficientes;\nEconomia de Custo a Longo Prazo;\nConformidade com Regulamenta\u00e7\u00f5es.\t\t\t\t\t<\/p>\n\t\t\t\t\n\t\t\t<\/div>\n\t\t\t\n\t\t<\/div>\n\t\t\t\t\t\t<\/div>\n\t\t\t\t<\/div>\n\t\t\t\t<div class=\"elementor-element elementor-element-0f47aee elementor-view-default elementor-position-block-start elementor-mobile-position-block-start elementor-invisible elementor-widget elementor-widget-icon-box\" data-id=\"0f47aee\" data-element_type=\"widget\" data-e-type=\"widget\" data-settings=\"{&quot;_animation&quot;:&quot;fadeIn&quot;}\" data-widget_type=\"icon-box.default\">\n\t\t\t\t<div class=\"elementor-widget-container\">\n\t\t\t\t\t\t\t<div class=\"elementor-icon-box-wrapper\">\n\n\t\t\t\t\t\t<div class=\"elementor-icon-box-icon\">\n\t\t\t\t<span  class=\"elementor-icon\">\n\t\t\t\t<i aria-hidden=\"true\" class=\"hm hm-tb-site-logo\"><\/i>\t\t\t\t<\/span>\n\t\t\t<\/div>\n\t\t\t\n\t\t\t\t\t\t<div class=\"elementor-icon-box-content\">\n\n\t\t\t\t\t\t\t\t\t<h3 class=\"elementor-icon-box-title\">\n\t\t\t\t\t\t<span  >\n\t\t\t\t\t\t\tDesenvolvimento de Sites\t\t\t\t\t\t<\/span>\n\t\t\t\t\t<\/h3>\n\t\t\t\t\n\t\t\t\t\t\t\t\t\t<p class=\"elementor-icon-box-description\">\n\t\t\t\t\t\tCom o objetivo de contribuir para o sucesso de sua empresa, a SA BRASIL desenvolve sites afim de estabelecer a presen\u00e7a online e eficaz para todos os tipos de neg\u00f3cios.\n\nAcesso Global;\nLojas Virtuais,\nVisibilidade e Credibilidade Online;\nInteratividade e Engajamento;\nAcompanhamento e An\u00e1lise;\nAdapta\u00e7\u00e3o aos Dispositivos M\u00f3veis\t\t\t\t\t<\/p>\n\t\t\t\t\n\t\t\t<\/div>\n\t\t\t\n\t\t<\/div>\n\t\t\t\t\t\t<\/div>\n\t\t\t\t<\/div>\n\t\t\t\t<div class=\"elementor-element elementor-element-0636553 elementor-view-default elementor-position-block-start elementor-mobile-position-block-start elementor-invisible elementor-widget elementor-widget-icon-box\" data-id=\"0636553\" data-element_type=\"widget\" data-e-type=\"widget\" data-settings=\"{&quot;_animation&quot;:&quot;fadeIn&quot;}\" data-widget_type=\"icon-box.default\">\n\t\t\t\t<div class=\"elementor-widget-container\">\n\t\t\t\t\t\t\t<div class=\"elementor-icon-box-wrapper\">\n\n\t\t\t\t\t\t<div class=\"elementor-icon-box-icon\">\n\t\t\t\t<span  class=\"elementor-icon\">\n\t\t\t\t<i aria-hidden=\"true\" class=\"hm hm-globe3\"><\/i>\t\t\t\t<\/span>\n\t\t\t<\/div>\n\t\t\t\n\t\t\t\t\t\t<div class=\"elementor-icon-box-content\">\n\n\t\t\t\t\t\t\t\t\t<h3 class=\"elementor-icon-box-title\">\n\t\t\t\t\t\t<span  >\n\t\t\t\t\t\t\tHospedagem de Sites\t\t\t\t\t\t<\/span>\n\t\t\t\t\t<\/h3>\n\t\t\t\t\n\t\t\t\t\t\t\t\t\t<p class=\"elementor-icon-box-description\">\n\t\t\t\t\t\tOferecemos uma solu\u00e7\u00e3o de hospedagem confi\u00e1vel e escalon\u00e1vel para seus e-mails, sites, lojas virtuais e aplicativos, aqui voc\u00ea n\u00e3o precisa se preocupar em lidar com pain\u00e9is de controles complicados.\n\nContate-nos e solicite consultoria.\n\nDesempenho de Alta Velocidade;\nSeguran\u00e7a Avan\u00e7ada;\nSuporte T\u00e9cnico Especializado;\nEscalabilidade Flex\u00edvel;\nE-mails Personalizados.\t\t\t\t\t<\/p>\n\t\t\t\t\n\t\t\t<\/div>\n\t\t\t\n\t\t<\/div>\n\t\t\t\t\t\t<\/div>\n\t\t\t\t<\/div>\n\t\t\t\t<div class=\"elementor-element elementor-element-e47bedd elementor-view-default elementor-position-block-start elementor-mobile-position-block-start elementor-invisible elementor-widget elementor-widget-icon-box\" data-id=\"e47bedd\" data-element_type=\"widget\" data-e-type=\"widget\" data-settings=\"{&quot;_animation&quot;:&quot;fadeIn&quot;}\" data-widget_type=\"icon-box.default\">\n\t\t\t\t<div class=\"elementor-widget-container\">\n\t\t\t\t\t\t\t<div class=\"elementor-icon-box-wrapper\">\n\n\t\t\t\t\t\t<div class=\"elementor-icon-box-icon\">\n\t\t\t\t<span  class=\"elementor-icon\">\n\t\t\t\t<i aria-hidden=\"true\" class=\"hm hm-code-browser\"><\/i>\t\t\t\t<\/span>\n\t\t\t<\/div>\n\t\t\t\n\t\t\t\t\t\t<div class=\"elementor-icon-box-content\">\n\n\t\t\t\t\t\t\t\t\t<h3 class=\"elementor-icon-box-title\">\n\t\t\t\t\t\t<span  >\n\t\t\t\t\t\t\tDesenvolvimento de Sistemas\t\t\t\t\t\t<\/span>\n\t\t\t\t\t<\/h3>\n\t\t\t\t\n\t\t\t\t\t\t\t\t\t<p class=\"elementor-icon-box-description\">\n\t\t\t\t\t\tO desenvolvimento de sistemas \u00e9 uma ferramenta poderosa para impulsionar o crescimento de qualquer neg\u00f3cio. Ao investir em um software personalizado, as empresas podem otimizar seus processos, aumentar a produtividade e alcan\u00e7ar seus objetivos de forma mais eficiente.\n\t\t\t\t\t<\/p>\n\t\t\t\t\n\t\t\t<\/div>\n\t\t\t\n\t\t<\/div>\n\t\t\t\t\t\t<\/div>\n\t\t\t\t<\/div>\n\t\t\t\t<\/div>\n\t\t\t\t<div class=\"elementor-element elementor-element-6e4bbc5 elementor-align-center elementor-widget elementor-widget-button\" data-id=\"6e4bbc5\" data-element_type=\"widget\" data-e-type=\"widget\" data-widget_type=\"button.default\">\n\t\t\t\t<div class=\"elementor-widget-container\">\n\t\t\t\t\t\t\t\t\t<div class=\"elementor-button-wrapper\">\n\t\t\t\t\t<a class=\"elementor-button elementor-button-link elementor-size-sm elementor-animation-pulse-grow\" href=\"https:\/\/wa.me\/551151250884\">\n\t\t\t\t\t\t<span class=\"elementor-button-content-wrapper\">\n\t\t\t\t\t\t\t\t\t<span class=\"elementor-button-text\">Solicitar Atendimento<\/span>\n\t\t\t\t\t<\/span>\n\t\t\t\t\t<\/a>\n\t\t\t\t<\/div>\n\t\t\t\t\t\t\t\t<\/div>\n\t\t\t\t<\/div>\n\t\t\t\t<div class=\"elementor-element elementor-element-3267a7d elementor-align-right elementor-fixed elementor-widget elementor-widget-button\" data-id=\"3267a7d\" data-element_type=\"widget\" data-e-type=\"widget\" data-settings=\"{&quot;_position&quot;:&quot;fixed&quot;}\" data-widget_type=\"button.default\">\n\t\t\t\t<div class=\"elementor-widget-container\">\n\t\t\t\t\t\t\t\t\t<div class=\"elementor-button-wrapper\">\n\t\t\t\t\t<a class=\"elementor-button elementor-button-link elementor-size-sm\" href=\"https:\/\/wa.me\/551151250884\">\n\t\t\t\t\t\t<span class=\"elementor-button-content-wrapper\">\n\t\t\t\t\t\t<span class=\"elementor-button-icon\">\n\t\t\t\t<svg aria-hidden=\"true\" class=\"e-font-icon-svg e-fab-whatsapp\" viewBox=\"0 0 448 512\" xmlns=\"http:\/\/www.w3.org\/2000\/svg\"><path d=\"M380.9 97.1C339 55.1 283.2 32 223.9 32c-122.4 0-222 99.6-222 222 0 39.1 10.2 77.3 29.6 111L0 480l117.7-30.9c32.4 17.7 68.9 27 106.1 27h.1c122.3 0 224.1-99.6 224.1-222 0-59.3-25.2-115-67.1-157zm-157 341.6c-33.2 0-65.7-8.9-94-25.7l-6.7-4-69.8 18.3L72 359.2l-4.4-7c-18.5-29.4-28.2-63.3-28.2-98.2 0-101.7 82.8-184.5 184.6-184.5 49.3 0 95.6 19.2 130.4 54.1 34.8 34.9 56.2 81.2 56.1 130.5 0 101.8-84.9 184.6-186.6 184.6zm101.2-138.2c-5.5-2.8-32.8-16.2-37.9-18-5.1-1.9-8.8-2.8-12.5 2.8-3.7 5.6-14.3 18-17.6 21.8-3.2 3.7-6.5 4.2-12 1.4-32.6-16.3-54-29.1-75.5-66-5.7-9.8 5.7-9.1 16.3-30.3 1.8-3.7.9-6.9-.5-9.7-1.4-2.8-12.5-30.1-17.1-41.2-4.5-10.8-9.1-9.3-12.5-9.5-3.2-.2-6.9-.2-10.6-.2-3.7 0-9.7 1.4-14.8 6.9-5.1 5.6-19.4 19-19.4 46.3 0 27.3 19.9 53.7 22.6 57.4 2.8 3.7 39.1 59.7 94.8 83.8 35.2 15.2 49 16.5 66.6 13.9 10.7-1.6 32.8-13.4 37.4-26.4 4.6-13 4.6-24.1 3.2-26.4-1.3-2.5-5-3.9-10.5-6.6z\"><\/path><\/svg>\t\t\t<\/span>\n\t\t\t\t\t\t\t\t<\/span>\n\t\t\t\t\t<\/a>\n\t\t\t\t<\/div>\n\t\t\t\t\t\t\t\t<\/div>\n\t\t\t\t<\/div>\n\t\t\t\t<div class=\"elementor-element elementor-element-c8f0322 wpr-stt-btn-align-fixed wpr-stt-btn-align-fixed-right elementor-widget elementor-widget-wpr-back-to-top\" data-id=\"c8f0322\" data-element_type=\"widget\" data-e-type=\"widget\" data-widget_type=\"wpr-back-to-top.default\">\n\t\t\t\t<div class=\"elementor-widget-container\">\n\t\t\t\t\t<div class=\"wpr-stt-wrapper\"><div class='wpr-stt-btn' data-settings='{&quot;animation&quot;:&quot;fade&quot;,&quot;animationOffset&quot;:&quot;0&quot;,&quot;animationDuration&quot;:&quot;200&quot;,&quot;fixed&quot;:&quot;fixed&quot;,&quot;scrolAnim&quot;:&quot;800&quot;}'><span class=\"wpr-stt-icon\"><svg class=\"e-font-icon-svg e-fas-chevron-up\" viewBox=\"0 0 448 512\" xmlns=\"http:\/\/www.w3.org\/2000\/svg\"><path d=\"M240.971 130.524l194.343 194.343c9.373 9.373 9.373 24.569 0 33.941l-22.667 22.667c-9.357 9.357-24.522 9.375-33.901.04L224 227.495 69.255 381.516c-9.379 9.335-24.544 9.317-33.901-.04l-22.667-22.667c-9.373-9.373-9.373-24.569 0-33.941L207.03 130.525c9.372-9.373 24.568-9.373 33.941-.001z\"><\/path><\/svg><\/span><\/div><\/div>\t\t\t\t<\/div>\n\t\t\t\t<\/div>\n\t\t\t\t\t<\/div>\n\t\t\t\t<\/div>\n\t\t\t\t<\/div>\n\t\t","protected":false},"excerpt":{"rendered":"<p>Servi\u00e7os Conhe\u00e7a aqui alguns servi\u00e7os prestados por nossa empresa Suporte T\u00e9cnico | Manuten\u00e7\u00e3o Seja para contribuir para a efici\u00eancia operacional, fortalecer a seguran\u00e7a cibern\u00e9tica ou melhorar a infraestrutura tecnol\u00f3gica, oferecemos uma variedade de solu\u00e7\u00f5es abrangentes para ajudar sua empresa a prosperar no mundo digital. Manuten\u00e7\u00e3o Preventiva e Corretiva; Instala\u00e7\u00e3o e Configura\u00e7\u00e3o de Software; Solu\u00e7\u00f5es em Backups e Restaura\u00e7\u00f5es; Legaliza\u00e7\u00e3o de Softwares e Antiv\u00edrus; Contrato de Manuten\u00e7\u00e3o Mensal e Servi\u00e7os Avulsos. Redes Locais, VPN, Seguran\u00e7a, Nuvem Otimizar a capacidade de armazenamento, a velocidade ideal para o processamento de dados e a seguran\u00e7a das informa\u00e7\u00f5es s\u00e3o alguns dos pontos fundamentais para a manuten\u00e7\u00e3o regular de sua Rede. Aliado\u00a0 a cabeamento estruturado ou sem fio, criaremos a rede ideal para o seu neg\u00f3cio. Otimiza\u00e7\u00e3o de Desempenho; Seguran\u00e7a da Rede; Atualiza\u00e7\u00e3o de Software e Firmware; Identifica\u00e7\u00e3o de Falhas; Garantia de Disponibilidade. Manuten\u00e7\u00e3o de Servidores Indicamos a manuten\u00e7\u00e3o preventiva em Servidores afim de garantir que os Sistemas e Redes permane\u00e7am operacionais, confi\u00e1veis e seguros. Para isso entre em contato conosco e agende uma visita e garanta: Melhoria no Desempenho; Seguran\u00e7a Refor\u00e7ada; Disponibilidade Aumentada; Backup e Recupera\u00e7\u00e3o Eficientes; Economia de Custo a Longo Prazo; Conformidade com Regulamenta\u00e7\u00f5es. Desenvolvimento de Sites Com o objetivo de contribuir para o sucesso de sua empresa, a SA BRASIL desenvolve sites afim de estabelecer a presen\u00e7a online e eficaz para todos os tipos de neg\u00f3cios. Acesso Global; Lojas Virtuais, Visibilidade e Credibilidade Online; Interatividade e Engajamento; Acompanhamento e An\u00e1lise; Adapta\u00e7\u00e3o aos Dispositivos M\u00f3veis Hospedagem de Sites Oferecemos uma solu\u00e7\u00e3o de hospedagem confi\u00e1vel e escalon\u00e1vel para seus e-mails, sites, lojas virtuais e aplicativos, aqui voc\u00ea n\u00e3o precisa se preocupar em lidar com pain\u00e9is de controles complicados. Contate-nos e solicite consultoria. Desempenho de Alta Velocidade; Seguran\u00e7a Avan\u00e7ada; Suporte T\u00e9cnico Especializado; Escalabilidade Flex\u00edvel; E-mails Personalizados. Desenvolvimento de Sistemas O desenvolvimento de sistemas \u00e9 uma ferramenta poderosa para impulsionar o crescimento de qualquer neg\u00f3cio. Ao investir em um software personalizado, as empresas podem otimizar seus processos, aumentar a produtividade e alcan\u00e7ar seus objetivos de forma mais eficiente. Solicitar Atendimento<\/p>\n","protected":false},"author":1,"featured_media":0,"parent":0,"menu_order":0,"comment_status":"closed","ping_status":"closed","template":"elementor_header_footer","meta":{"footnotes":""},"class_list":["post-2232","page","type-page","status-publish","hentry"],"jetpack_sharing_enabled":true,"_links":{"self":[{"href":"https:\/\/www.sabrasil.com.br\/index.php?rest_route=\/wp\/v2\/pages\/2232","targetHints":{"allow":["GET"]}}],"collection":[{"href":"https:\/\/www.sabrasil.com.br\/index.php?rest_route=\/wp\/v2\/pages"}],"about":[{"href":"https:\/\/www.sabrasil.com.br\/index.php?rest_route=\/wp\/v2\/types\/page"}],"author":[{"embeddable":true,"href":"https:\/\/www.sabrasil.com.br\/index.php?rest_route=\/wp\/v2\/users\/1"}],"replies":[{"embeddable":true,"href":"https:\/\/www.sabrasil.com.br\/index.php?rest_route=%2Fwp%2Fv2%2Fcomments&post=2232"}],"version-history":[{"count":76,"href":"https:\/\/www.sabrasil.com.br\/index.php?rest_route=\/wp\/v2\/pages\/2232\/revisions"}],"predecessor-version":[{"id":2864,"href":"https:\/\/www.sabrasil.com.br\/index.php?rest_route=\/wp\/v2\/pages\/2232\/revisions\/2864"}],"wp:attachment":[{"href":"https:\/\/www.sabrasil.com.br\/index.php?rest_route=%2Fwp%2Fv2%2Fmedia&parent=2232"}],"curies":[{"name":"wp","href":"https:\/\/api.w.org\/{rel}","templated":true}]}}